{"id":539,"date":"2025-10-22T19:47:21","date_gmt":"2025-10-22T19:47:21","guid":{"rendered":"https:\/\/hanseatica.com.pe\/website\/?page_id=539"},"modified":"2025-10-22T19:53:07","modified_gmt":"2025-10-22T19:53:07","slug":"politica-de-seguridad-y-salud-en-el-trabajo","status":"publish","type":"page","link":"https:\/\/hanseatica.com.pe\/website\/politica-de-seguridad-y-salud-en-el-trabajo\/","title":{"rendered":"POLITICA DE SEGURIDAD Y SALUD EN EL TRABAJO"},"content":{"rendered":"\t\t<div data-elementor-type=\"wp-page\" data-elementor-id=\"539\" class=\"elementor elementor-539\" data-elementor-post-type=\"page\">\n\t\t\t\t<div class=\"elementor-element elementor-element-26d3bef e-flex e-con-boxed e-con e-parent\" data-id=\"26d3bef\" data-element_type=\"container\">\n\t\t\t\t\t<div class=\"e-con-inner\">\n\t\t<div class=\"elementor-element elementor-element-36f20bf e-con-full e-flex e-con e-child\" data-id=\"36f20bf\" data-element_type=\"container\" data-settings=\"{&quot;background_background&quot;:&quot;gradient&quot;}\">\n\t\t\t\t<\/div>\n\t\t\t\t<div class=\"elementor-element elementor-element-26f27ba elementor-widget elementor-widget-text-editor\" data-id=\"26f27ba\" data-element_type=\"widget\" data-widget_type=\"text-editor.default\">\n\t\t\t\t\t\t\t\t\t<p style=\"text-align: center;\"><strong>POLITICA DE SEGURIDAD Y SALUD EN EL TRABAJO<\/strong><\/p><p>LA HANSE\u00c1TICA S.A. es una compa\u00f1\u00eda especializada en actividades relacionadas con la gesti\u00f3n y asesor\u00eda en comercio exterior, enfocada en brindar soluciones log\u00edsticas y aduaneras eficientes y personalizadas para sus clientes. Dado el entorno altamente regulado y din\u00e1mico del comercio exterior, la empresa prioriza la seguridad y salud de sus colaboradores, asegurando condiciones laborales \u00f3ptimas mediante la aplicaci\u00f3n de medidas preventivas, formaci\u00f3n continua y el cumplimiento de normativas vigentes en Seguridad y Salud en el Trabajo, es una organizaci\u00f3n convencida de que su capital m\u00e1s importante es su personal y en la b\u00fasqueda de su protecci\u00f3n, establece una pol\u00edtica de Seguridad y Salud en el Trabajo basada en los siguientes principios:<\/p><p>\u25cf LA HANSE\u00c1TICA S.A. se compromete a preservar la seguridad y salud de todos los trabajadores, previniendo lesiones y enfermedades ocupacionales que puedan surgir dentro de nuestras operaciones o como consecuencia de estas. Para lograrlo, asumimos el compromiso de identificar los peligros, evaluar y controlar los riesgos laborales asociados a nuestras actividades. Adem\u00e1s, nos comprometemos a mejorar de manera continua la Identificaci\u00f3n de Peligros, Evaluaci\u00f3n de Riesgos y Control, herramientas esenciales para una adecuada gesti\u00f3n de los riesgos laborales. Este proceso se llevar\u00e1 a cabo de forma peri\u00f3dica y se actualizar\u00e1 siempre que se presenten cambios significativos en las operaciones, con el objetivo de asegurar un entorno de trabajo seguro y saludable para nuestros trabajadores, contratistas y clientes.<\/p><p>\u25cf Se compromete a buscar la participaci\u00f3n y consulta en todos los elementos del Sistema de Gesti\u00f3n de seguridad y salud en el trabajo, por parte de sus trabajadores a trav\u00e9s de sus representantes en materia de seguridad y salud en el trabajo, mediante reuniones regulares del Comit\u00e9 de Seguridad y Salud en el Trabajo. Este mecanismo permitir\u00e1 una comunicaci\u00f3n efectiva y una gesti\u00f3n colaborativa de los riesgos en conjunto con el servicio de seguridad y salud en el trabajo.<\/p><p>\u25cf Cumplir con la normativa legal vigente y los est\u00e1ndares a los que se encuentre suscrito la organizaci\u00f3n.<\/p><p>\u25cf Incentivar la mejora continua de nuestros procesos y desempe\u00f1o asumiendo el liderazgo y responsabilidad en la prevenci\u00f3n de accidentes, incidentes y enfermedades ocupacionales. LA HANSE\u00c1TICA S.A. fomenta y promueve el compromiso de cada uno de sus colaboradores con su propia seguridad mediante la capacitaci\u00f3n en materia de seguridad y salud en el trabajo y la vigilancia del cumplimiento estricto de las disposiciones de seguridad y salud en el trabajo.<\/p><p>\u25cf El Sistema de Gesti\u00f3n de Seguridad y Salud en el Trabajo (SGSST) se integrar\u00e1 con otros sistemas de gesti\u00f3n existentes que disponga la organizaci\u00f3n.<\/p>\t\t\t\t\t\t\t\t<\/div>\n\t\t<div class=\"elementor-element elementor-element-e8d03b7 e-con-full e-flex e-con e-child\" data-id=\"e8d03b7\" data-element_type=\"container\">\n\t\t<div class=\"elementor-element elementor-element-780ea4e e-con-full e-flex e-con e-child\" data-id=\"780ea4e\" data-element_type=\"container\">\n\t\t\t\t<div class=\"elementor-element elementor-element-4b63973 elementor-widget elementor-widget-image\" data-id=\"4b63973\" data-element_type=\"widget\" data-widget_type=\"image.default\">\n\t\t\t\t\t\t\t\t\t\t\t\t\t\t\t<img fetchpriority=\"high\" decoding=\"async\" width=\"800\" height=\"212\" src=\"https:\/\/hanseatica.com.pe\/website\/wp-content\/uploads\/2025\/10\/Captura-de-Pantalla-2025-10-22-a-las-14.44.22-1024x271.png\" class=\"attachment-large size-large wp-image-541\" alt=\"\" srcset=\"https:\/\/hanseatica.com.pe\/website\/wp-content\/uploads\/2025\/10\/Captura-de-Pantalla-2025-10-22-a-las-14.44.22-1024x271.png 1024w, https:\/\/hanseatica.com.pe\/website\/wp-content\/uploads\/2025\/10\/Captura-de-Pantalla-2025-10-22-a-las-14.44.22-300x79.png 300w, https:\/\/hanseatica.com.pe\/website\/wp-content\/uploads\/2025\/10\/Captura-de-Pantalla-2025-10-22-a-las-14.44.22-768x203.png 768w, https:\/\/hanseatica.com.pe\/website\/wp-content\/uploads\/2025\/10\/Captura-de-Pantalla-2025-10-22-a-las-14.44.22-1536x407.png 1536w, https:\/\/hanseatica.com.pe\/website\/wp-content\/uploads\/2025\/10\/Captura-de-Pantalla-2025-10-22-a-las-14.44.22.png 1874w\" sizes=\"(max-width: 800px) 100vw, 800px\" \/>\t\t\t\t\t\t\t\t\t\t\t\t\t\t\t<\/div>\n\t\t\t\t<\/div>\n\t\t\t\t<\/div>\n\t\t\t\t\t<\/div>\n\t\t\t\t<\/div>\n\t\t\t\t<\/div>\n\t\t","protected":false},"excerpt":{"rendered":"<p>POLITICA DE SEGURIDAD Y SALUD EN EL TRABAJO LA HANSE\u00c1TICA S.A. es una compa\u00f1\u00eda especializada en actividades relacionadas con la gesti\u00f3n y asesor\u00eda en comercio exterior, enfocada en brindar soluciones log\u00edsticas y aduaneras eficientes y personalizadas para sus clientes. Dado el entorno altamente regulado y din\u00e1mico del comercio exterior, la empresa prioriza la seguridad y [&hellip;]<\/p>\n","protected":false},"author":1,"featured_media":0,"parent":0,"menu_order":0,"comment_status":"closed","ping_status":"closed","template":"","meta":{"inline_featured_image":false,"_joinchat":[],"footnotes":""},"class_list":["post-539","page","type-page","status-publish","hentry"],"_links":{"self":[{"href":"https:\/\/hanseatica.com.pe\/website\/wp-json\/wp\/v2\/pages\/539","targetHints":{"allow":["GET"]}}],"collection":[{"href":"https:\/\/hanseatica.com.pe\/website\/wp-json\/wp\/v2\/pages"}],"about":[{"href":"https:\/\/hanseatica.com.pe\/website\/wp-json\/wp\/v2\/types\/page"}],"author":[{"embeddable":true,"href":"https:\/\/hanseatica.com.pe\/website\/wp-json\/wp\/v2\/users\/1"}],"replies":[{"embeddable":true,"href":"https:\/\/hanseatica.com.pe\/website\/wp-json\/wp\/v2\/comments?post=539"}],"version-history":[{"count":4,"href":"https:\/\/hanseatica.com.pe\/website\/wp-json\/wp\/v2\/pages\/539\/revisions"}],"predecessor-version":[{"id":544,"href":"https:\/\/hanseatica.com.pe\/website\/wp-json\/wp\/v2\/pages\/539\/revisions\/544"}],"wp:attachment":[{"href":"https:\/\/hanseatica.com.pe\/website\/wp-json\/wp\/v2\/media?parent=539"}],"curies":[{"name":"wp","href":"https:\/\/api.w.org\/{rel}","templated":true}]}}