{"id":520,"date":"2025-10-22T19:33:49","date_gmt":"2025-10-22T19:33:49","guid":{"rendered":"https:\/\/hanseatica.com.pe\/website\/?page_id=520"},"modified":"2025-10-22T19:42:27","modified_gmt":"2025-10-22T19:42:27","slug":"terminos-y-condiciones-2","status":"publish","type":"page","link":"https:\/\/hanseatica.com.pe\/website\/terminos-y-condiciones-2\/","title":{"rendered":"T\u00e9rminos y condiciones &#8211;"},"content":{"rendered":"\t\t<div data-elementor-type=\"wp-page\" data-elementor-id=\"520\" class=\"elementor elementor-520\" data-elementor-post-type=\"page\">\n\t\t\t\t<div class=\"elementor-element elementor-element-26d3bef e-flex e-con-boxed e-con e-parent\" data-id=\"26d3bef\" data-element_type=\"container\">\n\t\t\t\t\t<div class=\"e-con-inner\">\n\t\t<div class=\"elementor-element elementor-element-36f20bf e-con-full e-flex e-con e-child\" data-id=\"36f20bf\" data-element_type=\"container\" data-settings=\"{&quot;background_background&quot;:&quot;gradient&quot;}\">\n\t\t\t\t<\/div>\n\t\t\t\t<div class=\"elementor-element elementor-element-26f27ba elementor-widget elementor-widget-text-editor\" data-id=\"26f27ba\" data-element_type=\"widget\" data-widget_type=\"text-editor.default\">\n\t\t\t\t\t\t\t\t\t<p><strong>POL\u00cdTICA DE SEGURIDAD DE LA CADENA DE SUMINISTRO LA HANSE\u00c1TICA S.A.<\/strong><\/p><p>La Hanse\u00e1tica S.A., es un Agente de Carga Internacional; que, siendo consciente de los riesgos propios de la cadena de suministro en la cual participa, manifiesta su compromiso para:<\/p><p>\u2022 Garantizar la confiabilidad y seguridad en sus procesos, previniendo la ocurrencia en actividades il\u00edcitas, corrupci\u00f3n, soborno, lavado de activos y riesgos vinculados a la cadena log\u00edstica internacional.<\/p><p>\u2022 Implementar el uso de tecnolog\u00edas de informaci\u00f3n para preservar la confidencialidad, integridad y disponibilidad de la informaci\u00f3n de la empresa.<\/p><p>\u2022 Proporcionar a sus colaboradores un ambiente de trabajo seguro que logre su motivaci\u00f3n y compromiso. La Hanse\u00e1tica S.A. busca satisfacer plenamente las necesidades y expectativas de nuestros clientes, cumpliendo los requisitos legales y reglamentarios vigentes; promoviendo la mejora continua de nuestros procesos.<\/p><p>\u00a0<\/p>\t\t\t\t\t\t\t\t<\/div>\n\t\t<div class=\"elementor-element elementor-element-e8d03b7 e-con-full e-flex e-con e-child\" data-id=\"e8d03b7\" data-element_type=\"container\">\n\t\t\t\t<div class=\"elementor-element elementor-element-eaff807 elementor-widget elementor-widget-image\" data-id=\"eaff807\" data-element_type=\"widget\" data-widget_type=\"image.default\">\n\t\t\t\t\t\t\t\t\t\t\t\t\t\t\t<img fetchpriority=\"high\" decoding=\"async\" width=\"800\" height=\"237\" src=\"https:\/\/hanseatica.com.pe\/website\/wp-content\/uploads\/2025\/10\/Captura-de-Pantalla-2025-10-22-a-las-14.19.52-1024x303.png\" class=\"attachment-large size-large wp-image-521\" alt=\"\" srcset=\"https:\/\/hanseatica.com.pe\/website\/wp-content\/uploads\/2025\/10\/Captura-de-Pantalla-2025-10-22-a-las-14.19.52-1024x303.png 1024w, https:\/\/hanseatica.com.pe\/website\/wp-content\/uploads\/2025\/10\/Captura-de-Pantalla-2025-10-22-a-las-14.19.52-300x89.png 300w, https:\/\/hanseatica.com.pe\/website\/wp-content\/uploads\/2025\/10\/Captura-de-Pantalla-2025-10-22-a-las-14.19.52-768x227.png 768w, https:\/\/hanseatica.com.pe\/website\/wp-content\/uploads\/2025\/10\/Captura-de-Pantalla-2025-10-22-a-las-14.19.52-1536x454.png 1536w, https:\/\/hanseatica.com.pe\/website\/wp-content\/uploads\/2025\/10\/Captura-de-Pantalla-2025-10-22-a-las-14.19.52.png 1610w\" sizes=\"(max-width: 800px) 100vw, 800px\" \/>\t\t\t\t\t\t\t\t\t\t\t\t\t\t\t<\/div>\n\t\t\t\t<\/div>\n\t\t\t\t\t<\/div>\n\t\t\t\t<\/div>\n\t\t\t\t<\/div>\n\t\t","protected":false},"excerpt":{"rendered":"<p>POL\u00cdTICA DE SEGURIDAD DE LA CADENA DE SUMINISTRO LA HANSE\u00c1TICA S.A. La Hanse\u00e1tica S.A., es un Agente de Carga Internacional; que, siendo consciente de los riesgos propios de la cadena de suministro en la cual participa, manifiesta su compromiso para: \u2022 Garantizar la confiabilidad y seguridad en sus procesos, previniendo la ocurrencia en actividades il\u00edcitas, [&hellip;]<\/p>\n","protected":false},"author":1,"featured_media":0,"parent":0,"menu_order":0,"comment_status":"closed","ping_status":"closed","template":"","meta":{"inline_featured_image":false,"_joinchat":[],"footnotes":""},"class_list":["post-520","page","type-page","status-publish","hentry"],"_links":{"self":[{"href":"https:\/\/hanseatica.com.pe\/website\/wp-json\/wp\/v2\/pages\/520","targetHints":{"allow":["GET"]}}],"collection":[{"href":"https:\/\/hanseatica.com.pe\/website\/wp-json\/wp\/v2\/pages"}],"about":[{"href":"https:\/\/hanseatica.com.pe\/website\/wp-json\/wp\/v2\/types\/page"}],"author":[{"embeddable":true,"href":"https:\/\/hanseatica.com.pe\/website\/wp-json\/wp\/v2\/users\/1"}],"replies":[{"embeddable":true,"href":"https:\/\/hanseatica.com.pe\/website\/wp-json\/wp\/v2\/comments?post=520"}],"version-history":[{"count":7,"href":"https:\/\/hanseatica.com.pe\/website\/wp-json\/wp\/v2\/pages\/520\/revisions"}],"predecessor-version":[{"id":538,"href":"https:\/\/hanseatica.com.pe\/website\/wp-json\/wp\/v2\/pages\/520\/revisions\/538"}],"wp:attachment":[{"href":"https:\/\/hanseatica.com.pe\/website\/wp-json\/wp\/v2\/media?parent=520"}],"curies":[{"name":"wp","href":"https:\/\/api.w.org\/{rel}","templated":true}]}}