{"id":443,"date":"2025-09-18T01:58:17","date_gmt":"2025-09-18T01:58:17","guid":{"rendered":"https:\/\/hanseatica.com.pe\/website\/?page_id=443"},"modified":"2025-09-18T20:54:16","modified_gmt":"2025-09-18T20:54:16","slug":"terminos-y-condiciones","status":"publish","type":"page","link":"https:\/\/hanseatica.com.pe\/website\/terminos-y-condiciones\/","title":{"rendered":"T\u00e9rminos y condiciones"},"content":{"rendered":"\t\t<div data-elementor-type=\"wp-page\" data-elementor-id=\"443\" class=\"elementor elementor-443\" data-elementor-post-type=\"page\">\n\t\t\t\t<div class=\"elementor-element elementor-element-26d3bef e-flex e-con-boxed e-con e-parent\" data-id=\"26d3bef\" data-element_type=\"container\">\n\t\t\t\t\t<div class=\"e-con-inner\">\n\t\t<div class=\"elementor-element elementor-element-36f20bf e-con-full e-flex e-con e-child\" data-id=\"36f20bf\" data-element_type=\"container\" data-settings=\"{&quot;background_background&quot;:&quot;gradient&quot;}\">\n\t\t\t\t<\/div>\n\t\t\t\t<div class=\"elementor-element elementor-element-26f27ba elementor-widget elementor-widget-text-editor\" data-id=\"26f27ba\" data-element_type=\"widget\" data-widget_type=\"text-editor.default\">\n\t\t\t\t\t\t\t\t\t<p><strong>CONSENTIMIENTO INFORMADO PARA EL TRATAMIENTO DE DATOS PERSONALES DE PROSPECTO DE\u00a0<\/strong><strong>CLIENTES<\/strong><\/p><p>\u00a0<\/p><p>De conformidad con lo dispuesto por la Ley No.29733 \u2013 Ley de Protecci\u00f3n de Datos Personales y su Reglamento aprobado por Decreto Supremo No.003-2013-JUS otorgo mi consentimiento previo, <br \/>informado, expreso, inequ\u00edvoco y por escrito a favor LA HANSE\u00c1TICA S.A. (en adelante LA HANSE\u00c1TICA) con RUC No. 20100118336 con domicilio legal en la Av. Canaval y Moreyra No.340 Piso <br \/>9, Urb. C\u00f3rpac, Distrito de San Isidro, Provincia y Departamento de Lima \u2013 Per\u00fa, para que dicha empresa quede legalmente facultada a realizar las siguientes acciones:<\/p><ul><li>Recolectar mis datos personales tales como nombres y apellidos completos, tipo y n\u00famero de documento de identidad (DNI, Pasaporte o Carn\u00e9 de Extranjer\u00eda), n\u00famero de RUC, direcci\u00f3n <br \/>de domicilio, tel\u00e9fono y direcci\u00f3n de correo electr\u00f3nico para almacenarlos en el banco de datos personales denominado \u201cProspecto de Clientes\u201d cuyo registro ser\u00e1 oportunamente <br \/>gestionado ante la Autoridad de Protecci\u00f3n de Datos.<\/li><li>LA HANSE\u00c1TICA es el titular y responsable del banco de datos personales antes indicado, mi informaci\u00f3n ser\u00e1 almacenada en un servidor f\u00edsicamente instalado en el domicilio legal de la <br \/>empresa, en sistemas automatizados y no automatizados que cumplen con los criterios de confidencialidad y con las medidas de seguridad exigidas por Ley, garantizando un nivel <br \/>adecuado de protecci\u00f3n conforme a las exigencias normativas. Los datos ser\u00e1n almacenados por el plazo de 05 a\u00f1os y\/o hasta que revoque mi consentimiento.<\/li><li>A nivel nacional e internacional, LA HANSE\u00c1TICA podr\u00e1 transferir los datos personales a favor de las empresas detalladas en este enlace: <br \/>https:\/\/docs.google.com\/spreadsheets\/d\/1I1oYWa2esG9eREO1_lB3Bg81-eMfkhJ990kkGgElb7k\/edit?usp=sharing , siempre que ello responda al cumplimiento de obligaciones de orden legal y\/o al cumplimiento de pol\u00edticas corporativas, motivo por el cual declaro conocer y aceptar que las entidades destinatarias de mis datos personales s\u00f3lo podr\u00e1 tratarlos (usarlos) de acuerdo con las <br \/>instrucciones impartidas y las finalidades establecidas por LA HANSE\u00c1TICA.<\/li><li>LA HANSE\u00c1TICA me ha informado que tiene implementadas todas las medidas t\u00e9cnicas, organizacionales, f\u00edsicas y legales que resultan necesarias para garantizar el adecuado <br \/>tratamiento de los datos personales, la seguridad y confidencialidad de la informaci\u00f3n, que los datos personales no ser\u00e1n accesibles y\/o compartidos a terceros no autorizados, que se <br \/>adoptar\u00e1n todas las medidas necesarias para evitar la alteraci\u00f3n, p\u00e9rdida, tratamiento y acceso no autorizado a los datos personales.<\/li><li>Sin perjuicio de ello, LA HANSE\u00c1TICA me ha informado que de acuerdo a las disposiciones contempladas en la Ley de Protecci\u00f3n de Datos Personales y su Reglamento, existen <br \/>excepciones a lo antes indicado y est\u00e1n relacionadas a solicitudes de informaci\u00f3n formuladas por autoridades competentes, las cuales deber\u00e1n ser atendidas por mandato legal, sea este de <br \/>orden nacional o internacional, especialmente en lo relativo a la prevenci\u00f3n de delitos de corrupci\u00f3n, lavado de activos, financiamiento del terrorismo y\/o cuando sea requerido por <br \/>autoridades policiales, fiscales, judiciales y\/o administrativas en salvaguarda del inter\u00e9s p\u00fablico y\/o en cumplimiento de sus competencias constitucionales, legales y\/o en defensa de los <br \/>derechos y de los leg\u00edtimos intereses de LA HANSE\u00c1TICA.<\/li><li>Tengo pleno conocimiento que en cualquier momento podr\u00e9 ejercer los derechos de acceso, rectificaci\u00f3n (actualizaci\u00f3n \/ inclusi\u00f3n), cancelaci\u00f3n (supresi\u00f3n) y oposici\u00f3n que la Ley me <br \/>concede y\/o podr\u00e9 revocar mi consentimiento, para lo cual bastar\u00e1 enviar una comunicaci\u00f3n escrita domicilio de LA HANSE\u00c1TICA o un correo electr\u00f3nico pdp-hanseatica@sercormar.com.pe con el asunto \u201cDatos Personales\u201d y cumpliendo con las exigencias contempladas en la Ley de la materia.<\/li><li>Declaro que he sido informado que ante la imposibilidad de ejercer los derechos que la Ley me reconoce, podr\u00e9 acudir ante la Direcci\u00f3n General de Transparencia, Acceso a la Informaci\u00f3n P\u00fablica y Protecci\u00f3n de Datos Personales del Ministerio de Justicia y Derechos Humanos, https:\/\/www.gob.pe\/institucion\/anpd\/pages\/9271-denunciar-el-mal-uso-de-datos personales<\/li><\/ul>\t\t\t\t\t\t\t\t<\/div>\n\t\t\t\t\t<\/div>\n\t\t\t\t<\/div>\n\t\t\t\t<\/div>\n\t\t","protected":false},"excerpt":{"rendered":"<p>CONSENTIMIENTO INFORMADO PARA EL TRATAMIENTO DE DATOS PERSONALES DE PROSPECTO DE\u00a0CLIENTES \u00a0 De conformidad con lo dispuesto por la Ley No.29733 \u2013 Ley de Protecci\u00f3n de Datos Personales y su Reglamento aprobado por Decreto Supremo No.003-2013-JUS otorgo mi consentimiento previo, informado, expreso, inequ\u00edvoco y por escrito a favor LA HANSE\u00c1TICA S.A. (en adelante LA HANSE\u00c1TICA) [&hellip;]<\/p>\n","protected":false},"author":1,"featured_media":0,"parent":0,"menu_order":0,"comment_status":"closed","ping_status":"closed","template":"","meta":{"inline_featured_image":false,"_joinchat":[],"footnotes":""},"class_list":["post-443","page","type-page","status-publish","hentry"],"_links":{"self":[{"href":"https:\/\/hanseatica.com.pe\/website\/wp-json\/wp\/v2\/pages\/443","targetHints":{"allow":["GET"]}}],"collection":[{"href":"https:\/\/hanseatica.com.pe\/website\/wp-json\/wp\/v2\/pages"}],"about":[{"href":"https:\/\/hanseatica.com.pe\/website\/wp-json\/wp\/v2\/types\/page"}],"author":[{"embeddable":true,"href":"https:\/\/hanseatica.com.pe\/website\/wp-json\/wp\/v2\/users\/1"}],"replies":[{"embeddable":true,"href":"https:\/\/hanseatica.com.pe\/website\/wp-json\/wp\/v2\/comments?post=443"}],"version-history":[{"count":17,"href":"https:\/\/hanseatica.com.pe\/website\/wp-json\/wp\/v2\/pages\/443\/revisions"}],"predecessor-version":[{"id":478,"href":"https:\/\/hanseatica.com.pe\/website\/wp-json\/wp\/v2\/pages\/443\/revisions\/478"}],"wp:attachment":[{"href":"https:\/\/hanseatica.com.pe\/website\/wp-json\/wp\/v2\/media?parent=443"}],"curies":[{"name":"wp","href":"https:\/\/api.w.org\/{rel}","templated":true}]}}